{"id":2537,"date":"2024-05-16T12:02:51","date_gmt":"2024-05-16T15:02:51","guid":{"rendered":"https:\/\/sanchezlabs.com.ar\/wp\/?post_type=product&#038;p=2537"},"modified":"2024-05-16T12:02:51","modified_gmt":"2024-05-16T15:02:51","slug":"k3-edta-6ml","status":"publish","type":"product","link":"https:\/\/sanchezlabs.com.ar\/wp\/producto\/k3-edta-6ml\/","title":{"rendered":"K3 EDTA 6ML"},"content":{"rendered":"<p>Tubos de ensayo con anticoagulante K3 EDTA adecuados para an\u00e1lisis en Hematolog\u00eda e Inmunohematolog\u00eda.<\/p>\n","protected":false},"excerpt":{"rendered":"<p>Tubo de ensayo al vac\u00edo VacuAptaca\u00ae \u00d813&#215;100 mm, en PET, con K3 EDTA, para 6 ml de sangre, tap\u00f3n morado, est\u00e9ril.<\/p>\n","protected":false},"featured_media":2538,"template":"","meta":{"_uag_custom_page_level_css":"","_monsterinsights_skip_tracking":false,"_monsterinsights_sitenote_active":false,"_monsterinsights_sitenote_note":"","_monsterinsights_sitenote_category":0,"site-sidebar-layout":"default","site-content-layout":"","ast-site-content-layout":"default","site-content-style":"default","site-sidebar-style":"default","ast-global-header-display":"","ast-banner-title-visibility":"","ast-main-header-display":"","ast-hfb-above-header-display":"","ast-hfb-below-header-display":"","ast-hfb-mobile-header-display":"","site-post-title":"","ast-breadcrumbs-content":"","ast-featured-img":"","footer-sml-layout":"","theme-transparent-header-meta":"default","adv-header-id-meta":"","stick-header-meta":"","header-above-stick-meta":"","header-main-stick-meta":"","header-below-stick-meta":"","astra-migrate-meta-layouts":"set","ast-page-background-enabled":"default","ast-page-background-meta":{"desktop":{"background-color":"var(--ast-global-color-4)","background-image":"","background-repeat":"repeat","background-position":"center center","background-size":"auto","background-attachment":"scroll","background-type":"","background-media":"","overlay-type":"","overlay-color":"","overlay-opacity":"","overlay-gradient":""},"tablet":{"background-color":"","background-image":"","background-repeat":"repeat","background-position":"center center","background-size":"auto","background-attachment":"scroll","background-type":"","background-media":"","overlay-type":"","overlay-color":"","overlay-opacity":"","overlay-gradient":""},"mobile":{"background-color":"","background-image":"","background-repeat":"repeat","background-position":"center center","background-size":"auto","background-attachment":"scroll","background-type":"","background-media":"","overlay-type":"","overlay-color":"","overlay-opacity":"","overlay-gradient":""}},"ast-content-background-meta":{"desktop":{"background-color":"var(--ast-global-color-5)","background-image":"","background-repeat":"repeat","background-position":"center center","background-size":"auto","background-attachment":"scroll","background-type":"","background-media":"","overlay-type":"","overlay-color":"","overlay-opacity":"","overlay-gradient":""},"tablet":{"background-color":"var(--ast-global-color-5)","background-image":"","background-repeat":"repeat","background-position":"center center","background-size":"auto","background-attachment":"scroll","background-type":"","background-media":"","overlay-type":"","overlay-color":"","overlay-opacity":"","overlay-gradient":""},"mobile":{"background-color":"var(--ast-global-color-5)","background-image":"","background-repeat":"repeat","background-position":"center center","background-size":"auto","background-attachment":"scroll","background-type":"","background-media":"","overlay-type":"","overlay-color":"","overlay-opacity":"","overlay-gradient":""}}},"product_cat":[38],"product_tag":[],"class_list":{"0":"post-2537","1":"product","2":"type-product","3":"status-publish","4":"has-post-thumbnail","6":"product_cat-tubos-vacio","7":"desktop-align-left","8":"tablet-align-left","9":"mobile-align-left","11":"first","12":"instock","13":"shipping-taxable","14":"product-type-simple"},"aioseo_notices":[],"uagb_featured_image_src":{"full":["https:\/\/sanchezlabs.com.ar\/wp\/wp-content\/uploads\/2024\/05\/001825.png",853,853,false],"thumbnail":["https:\/\/sanchezlabs.com.ar\/wp\/wp-content\/uploads\/2024\/05\/001825-150x150.png",150,150,true],"medium":["https:\/\/sanchezlabs.com.ar\/wp\/wp-content\/uploads\/2024\/05\/001825-300x300.png",300,300,true],"medium_large":["https:\/\/sanchezlabs.com.ar\/wp\/wp-content\/uploads\/2024\/05\/001825-768x768.png",768,768,true],"large":["https:\/\/sanchezlabs.com.ar\/wp\/wp-content\/uploads\/2024\/05\/001825.png",853,853,false],"1536x1536":["https:\/\/sanchezlabs.com.ar\/wp\/wp-content\/uploads\/2024\/05\/001825.png",853,853,false],"2048x2048":["https:\/\/sanchezlabs.com.ar\/wp\/wp-content\/uploads\/2024\/05\/001825.png",853,853,false],"mailpoet_newsletter_max":["https:\/\/sanchezlabs.com.ar\/wp\/wp-content\/uploads\/2024\/05\/001825.png",853,853,false],"woocommerce_thumbnail":["https:\/\/sanchezlabs.com.ar\/wp\/wp-content\/uploads\/2024\/05\/001825-300x300.png",300,300,true],"woocommerce_single":["https:\/\/sanchezlabs.com.ar\/wp\/wp-content\/uploads\/2024\/05\/001825-600x600.png",600,600,true],"woocommerce_gallery_thumbnail":["https:\/\/sanchezlabs.com.ar\/wp\/wp-content\/uploads\/2024\/05\/001825-100x100.png",100,100,true],"dgwt-wcas-product-suggestion":["https:\/\/sanchezlabs.com.ar\/wp\/wp-content\/uploads\/2024\/05\/001825-64x64.png",64,64,true]},"uagb_author_info":{"display_name":"sanchez-labs.com","author_link":"https:\/\/sanchezlabs.com.ar\/wp\/author\/"},"uagb_comment_info":0,"uagb_excerpt":"Tubo de ensayo al vac\u00edo VacuAptaca\u00ae \u00d813x100 mm, en PET, con K3 EDTA, para 6 ml de sangre, tap\u00f3n morado, est\u00e9ril.","_links":{"self":[{"href":"https:\/\/sanchezlabs.com.ar\/wp\/wp-json\/wp\/v2\/product\/2537","targetHints":{"allow":["GET"]}}],"collection":[{"href":"https:\/\/sanchezlabs.com.ar\/wp\/wp-json\/wp\/v2\/product"}],"about":[{"href":"https:\/\/sanchezlabs.com.ar\/wp\/wp-json\/wp\/v2\/types\/product"}],"wp:featuredmedia":[{"embeddable":true,"href":"https:\/\/sanchezlabs.com.ar\/wp\/wp-json\/wp\/v2\/media\/2538"}],"wp:attachment":[{"href":"https:\/\/sanchezlabs.com.ar\/wp\/wp-json\/wp\/v2\/media?parent=2537"}],"wp:term":[{"taxonomy":"product_cat","embeddable":true,"href":"https:\/\/sanchezlabs.com.ar\/wp\/wp-json\/wp\/v2\/product_cat?post=2537"},{"taxonomy":"product_tag","embeddable":true,"href":"https:\/\/sanchezlabs.com.ar\/wp\/wp-json\/wp\/v2\/product_tag?post=2537"}],"curies":[{"name":"wp","href":"https:\/\/api.w.org\/{rel}","templated":true}]}}