{"id":2122,"date":"2024-03-31T18:37:14","date_gmt":"2024-03-31T21:37:14","guid":{"rendered":"https:\/\/sanchezlabs.com.ar\/wp\/?post_type=product&#038;p=2122"},"modified":"2024-03-31T18:37:14","modified_gmt":"2024-03-31T21:37:14","slug":"hisopo-doble-amies","status":"publish","type":"product","link":"https:\/\/sanchezlabs.com.ar\/wp\/producto\/hisopo-doble-amies\/","title":{"rendered":"HISOPO DOBLE AMIES"},"content":{"rendered":"<p><strong>Tipos:<\/strong><\/p>\n<ul>\n<li>Amies claro.<\/li>\n<li>Amies con carb\u00f3n.<\/li>\n<\/ul>\n","protected":false},"excerpt":{"rendered":"<p>Hisopos est\u00e9riles con medio de transporte Amies aumentado que permite una mejor inmersi\u00f3n de la muestra bacteriol\u00f3gica en el medio.<\/p>\n","protected":false},"featured_media":2123,"template":"","meta":{"_uag_custom_page_level_css":"","_monsterinsights_skip_tracking":false,"_monsterinsights_sitenote_active":false,"_monsterinsights_sitenote_note":"","_monsterinsights_sitenote_category":0,"site-sidebar-layout":"default","site-content-layout":"","ast-site-content-layout":"default","site-content-style":"default","site-sidebar-style":"default","ast-global-header-display":"","ast-banner-title-visibility":"","ast-main-header-display":"","ast-hfb-above-header-display":"","ast-hfb-below-header-display":"","ast-hfb-mobile-header-display":"","site-post-title":"","ast-breadcrumbs-content":"","ast-featured-img":"","footer-sml-layout":"","theme-transparent-header-meta":"default","adv-header-id-meta":"","stick-header-meta":"","header-above-stick-meta":"","header-main-stick-meta":"","header-below-stick-meta":"","astra-migrate-meta-layouts":"set","ast-page-background-enabled":"default","ast-page-background-meta":{"desktop":{"background-color":"var(--ast-global-color-4)","background-image":"","background-repeat":"repeat","background-position":"center center","background-size":"auto","background-attachment":"scroll","background-type":"","background-media":"","overlay-type":"","overlay-color":"","overlay-opacity":"","overlay-gradient":""},"tablet":{"background-color":"","background-image":"","background-repeat":"repeat","background-position":"center center","background-size":"auto","background-attachment":"scroll","background-type":"","background-media":"","overlay-type":"","overlay-color":"","overlay-opacity":"","overlay-gradient":""},"mobile":{"background-color":"","background-image":"","background-repeat":"repeat","background-position":"center center","background-size":"auto","background-attachment":"scroll","background-type":"","background-media":"","overlay-type":"","overlay-color":"","overlay-opacity":"","overlay-gradient":""}},"ast-content-background-meta":{"desktop":{"background-color":"var(--ast-global-color-5)","background-image":"","background-repeat":"repeat","background-position":"center center","background-size":"auto","background-attachment":"scroll","background-type":"","background-media":"","overlay-type":"","overlay-color":"","overlay-opacity":"","overlay-gradient":""},"tablet":{"background-color":"var(--ast-global-color-5)","background-image":"","background-repeat":"repeat","background-position":"center center","background-size":"auto","background-attachment":"scroll","background-type":"","background-media":"","overlay-type":"","overlay-color":"","overlay-opacity":"","overlay-gradient":""},"mobile":{"background-color":"var(--ast-global-color-5)","background-image":"","background-repeat":"repeat","background-position":"center center","background-size":"auto","background-attachment":"scroll","background-type":"","background-media":"","overlay-type":"","overlay-color":"","overlay-opacity":"","overlay-gradient":""}}},"product_cat":[35],"product_tag":[],"class_list":{"0":"post-2122","1":"product","2":"type-product","3":"status-publish","4":"has-post-thumbnail","6":"product_cat-microbiologia","7":"desktop-align-left","8":"tablet-align-left","9":"mobile-align-left","11":"first","12":"instock","13":"shipping-taxable","14":"product-type-simple"},"aioseo_notices":[],"uagb_featured_image_src":{"full":["https:\/\/sanchezlabs.com.ar\/wp\/wp-content\/uploads\/2024\/03\/001613.jpg",500,500,false],"thumbnail":["https:\/\/sanchezlabs.com.ar\/wp\/wp-content\/uploads\/2024\/03\/001613-150x150.jpg",150,150,true],"medium":["https:\/\/sanchezlabs.com.ar\/wp\/wp-content\/uploads\/2024\/03\/001613-300x300.jpg",300,300,true],"medium_large":["https:\/\/sanchezlabs.com.ar\/wp\/wp-content\/uploads\/2024\/03\/001613.jpg",500,500,false],"large":["https:\/\/sanchezlabs.com.ar\/wp\/wp-content\/uploads\/2024\/03\/001613.jpg",500,500,false],"1536x1536":["https:\/\/sanchezlabs.com.ar\/wp\/wp-content\/uploads\/2024\/03\/001613.jpg",500,500,false],"2048x2048":["https:\/\/sanchezlabs.com.ar\/wp\/wp-content\/uploads\/2024\/03\/001613.jpg",500,500,false],"mailpoet_newsletter_max":["https:\/\/sanchezlabs.com.ar\/wp\/wp-content\/uploads\/2024\/03\/001613.jpg",500,500,false],"woocommerce_thumbnail":["https:\/\/sanchezlabs.com.ar\/wp\/wp-content\/uploads\/2024\/03\/001613-300x300.jpg",300,300,true],"woocommerce_single":["https:\/\/sanchezlabs.com.ar\/wp\/wp-content\/uploads\/2024\/03\/001613.jpg",500,500,false],"woocommerce_gallery_thumbnail":["https:\/\/sanchezlabs.com.ar\/wp\/wp-content\/uploads\/2024\/03\/001613-100x100.jpg",100,100,true],"dgwt-wcas-product-suggestion":["https:\/\/sanchezlabs.com.ar\/wp\/wp-content\/uploads\/2024\/03\/001613.jpg",64,64,false]},"uagb_author_info":{"display_name":"sanchez-labs.com","author_link":"https:\/\/sanchezlabs.com.ar\/wp\/author\/"},"uagb_comment_info":0,"uagb_excerpt":"Hisopos est\u00e9riles con medio de transporte Amies aumentado que permite una mejor inmersi\u00f3n de la muestra bacteriol\u00f3gica en el medio.","_links":{"self":[{"href":"https:\/\/sanchezlabs.com.ar\/wp\/wp-json\/wp\/v2\/product\/2122","targetHints":{"allow":["GET"]}}],"collection":[{"href":"https:\/\/sanchezlabs.com.ar\/wp\/wp-json\/wp\/v2\/product"}],"about":[{"href":"https:\/\/sanchezlabs.com.ar\/wp\/wp-json\/wp\/v2\/types\/product"}],"wp:featuredmedia":[{"embeddable":true,"href":"https:\/\/sanchezlabs.com.ar\/wp\/wp-json\/wp\/v2\/media\/2123"}],"wp:attachment":[{"href":"https:\/\/sanchezlabs.com.ar\/wp\/wp-json\/wp\/v2\/media?parent=2122"}],"wp:term":[{"taxonomy":"product_cat","embeddable":true,"href":"https:\/\/sanchezlabs.com.ar\/wp\/wp-json\/wp\/v2\/product_cat?post=2122"},{"taxonomy":"product_tag","embeddable":true,"href":"https:\/\/sanchezlabs.com.ar\/wp\/wp-json\/wp\/v2\/product_tag?post=2122"}],"curies":[{"name":"wp","href":"https:\/\/api.w.org\/{rel}","templated":true}]}}