{"id":2094,"date":"2024-03-29T17:37:35","date_gmt":"2024-03-29T20:37:35","guid":{"rendered":"https:\/\/sanchezlabs.com.ar\/wp\/?post_type=product&#038;p=2094"},"modified":"2024-03-29T17:37:36","modified_gmt":"2024-03-29T20:37:36","slug":"contenedor-universal-60ml","status":"publish","type":"product","link":"https:\/\/sanchezlabs.com.ar\/wp\/producto\/contenedor-universal-60ml\/","title":{"rendered":"CONTENEDOR UNIVERSAL 60ML"},"content":{"rendered":"<p>Consultar Especificaciones.<\/p>\n","protected":false},"excerpt":{"rendered":"<p>Contenedores para muestras biol\u00f3gicas, con tap\u00f3n a presi\u00f3n.<br \/>\nVol. 60 ml<br \/>\nDim. \u00d8 41 x 55 mm<br \/>\nMaterial: poliestireno.<\/p>\n","protected":false},"featured_media":2095,"template":"","meta":{"_uag_custom_page_level_css":"","_monsterinsights_skip_tracking":false,"_monsterinsights_sitenote_active":false,"_monsterinsights_sitenote_note":"","_monsterinsights_sitenote_category":0,"site-sidebar-layout":"default","site-content-layout":"","ast-site-content-layout":"default","site-content-style":"default","site-sidebar-style":"default","ast-global-header-display":"","ast-banner-title-visibility":"","ast-main-header-display":"","ast-hfb-above-header-display":"","ast-hfb-below-header-display":"","ast-hfb-mobile-header-display":"","site-post-title":"","ast-breadcrumbs-content":"","ast-featured-img":"","footer-sml-layout":"","theme-transparent-header-meta":"default","adv-header-id-meta":"","stick-header-meta":"","header-above-stick-meta":"","header-main-stick-meta":"","header-below-stick-meta":"","astra-migrate-meta-layouts":"set","ast-page-background-enabled":"default","ast-page-background-meta":{"desktop":{"background-color":"var(--ast-global-color-4)","background-image":"","background-repeat":"repeat","background-position":"center center","background-size":"auto","background-attachment":"scroll","background-type":"","background-media":"","overlay-type":"","overlay-color":"","overlay-opacity":"","overlay-gradient":""},"tablet":{"background-color":"","background-image":"","background-repeat":"repeat","background-position":"center center","background-size":"auto","background-attachment":"scroll","background-type":"","background-media":"","overlay-type":"","overlay-color":"","overlay-opacity":"","overlay-gradient":""},"mobile":{"background-color":"","background-image":"","background-repeat":"repeat","background-position":"center center","background-size":"auto","background-attachment":"scroll","background-type":"","background-media":"","overlay-type":"","overlay-color":"","overlay-opacity":"","overlay-gradient":""}},"ast-content-background-meta":{"desktop":{"background-color":"var(--ast-global-color-5)","background-image":"","background-repeat":"repeat","background-position":"center center","background-size":"auto","background-attachment":"scroll","background-type":"","background-media":"","overlay-type":"","overlay-color":"","overlay-opacity":"","overlay-gradient":""},"tablet":{"background-color":"var(--ast-global-color-5)","background-image":"","background-repeat":"repeat","background-position":"center center","background-size":"auto","background-attachment":"scroll","background-type":"","background-media":"","overlay-type":"","overlay-color":"","overlay-opacity":"","overlay-gradient":""},"mobile":{"background-color":"var(--ast-global-color-5)","background-image":"","background-repeat":"repeat","background-position":"center center","background-size":"auto","background-attachment":"scroll","background-type":"","background-media":"","overlay-type":"","overlay-color":"","overlay-opacity":"","overlay-gradient":""}}},"product_cat":[33],"product_tag":[],"class_list":{"0":"post-2094","1":"product","2":"type-product","3":"status-publish","4":"has-post-thumbnail","6":"product_cat-contenedores","7":"desktop-align-left","8":"tablet-align-left","9":"mobile-align-left","11":"first","12":"instock","13":"shipping-taxable","14":"product-type-simple"},"aioseo_notices":[],"uagb_featured_image_src":{"full":["https:\/\/sanchezlabs.com.ar\/wp\/wp-content\/uploads\/2024\/03\/001431.jpg",500,500,false],"thumbnail":["https:\/\/sanchezlabs.com.ar\/wp\/wp-content\/uploads\/2024\/03\/001431-150x150.jpg",150,150,true],"medium":["https:\/\/sanchezlabs.com.ar\/wp\/wp-content\/uploads\/2024\/03\/001431-300x300.jpg",300,300,true],"medium_large":["https:\/\/sanchezlabs.com.ar\/wp\/wp-content\/uploads\/2024\/03\/001431.jpg",500,500,false],"large":["https:\/\/sanchezlabs.com.ar\/wp\/wp-content\/uploads\/2024\/03\/001431.jpg",500,500,false],"1536x1536":["https:\/\/sanchezlabs.com.ar\/wp\/wp-content\/uploads\/2024\/03\/001431.jpg",500,500,false],"2048x2048":["https:\/\/sanchezlabs.com.ar\/wp\/wp-content\/uploads\/2024\/03\/001431.jpg",500,500,false],"mailpoet_newsletter_max":["https:\/\/sanchezlabs.com.ar\/wp\/wp-content\/uploads\/2024\/03\/001431.jpg",500,500,false],"woocommerce_thumbnail":["https:\/\/sanchezlabs.com.ar\/wp\/wp-content\/uploads\/2024\/03\/001431-300x300.jpg",300,300,true],"woocommerce_single":["https:\/\/sanchezlabs.com.ar\/wp\/wp-content\/uploads\/2024\/03\/001431.jpg",500,500,false],"woocommerce_gallery_thumbnail":["https:\/\/sanchezlabs.com.ar\/wp\/wp-content\/uploads\/2024\/03\/001431-100x100.jpg",100,100,true],"dgwt-wcas-product-suggestion":["https:\/\/sanchezlabs.com.ar\/wp\/wp-content\/uploads\/2024\/03\/001431.jpg",64,64,false]},"uagb_author_info":{"display_name":"sanchez-labs.com","author_link":"https:\/\/sanchezlabs.com.ar\/wp\/author\/"},"uagb_comment_info":0,"uagb_excerpt":"Contenedores para muestras biol\u00f3gicas, con tap\u00f3n a presi\u00f3n. Vol. 60 ml Dim. \u00d8 41 x 55 mm Material: poliestireno.","_links":{"self":[{"href":"https:\/\/sanchezlabs.com.ar\/wp\/wp-json\/wp\/v2\/product\/2094","targetHints":{"allow":["GET"]}}],"collection":[{"href":"https:\/\/sanchezlabs.com.ar\/wp\/wp-json\/wp\/v2\/product"}],"about":[{"href":"https:\/\/sanchezlabs.com.ar\/wp\/wp-json\/wp\/v2\/types\/product"}],"wp:featuredmedia":[{"embeddable":true,"href":"https:\/\/sanchezlabs.com.ar\/wp\/wp-json\/wp\/v2\/media\/2095"}],"wp:attachment":[{"href":"https:\/\/sanchezlabs.com.ar\/wp\/wp-json\/wp\/v2\/media?parent=2094"}],"wp:term":[{"taxonomy":"product_cat","embeddable":true,"href":"https:\/\/sanchezlabs.com.ar\/wp\/wp-json\/wp\/v2\/product_cat?post=2094"},{"taxonomy":"product_tag","embeddable":true,"href":"https:\/\/sanchezlabs.com.ar\/wp\/wp-json\/wp\/v2\/product_tag?post=2094"}],"curies":[{"name":"wp","href":"https:\/\/api.w.org\/{rel}","templated":true}]}}