{"id":1931,"date":"2024-03-21T13:29:25","date_gmt":"2024-03-21T16:29:25","guid":{"rendered":"https:\/\/sanchezlabs.com.ar\/wp\/?post_type=product&#038;p=1931"},"modified":"2024-03-21T13:30:13","modified_gmt":"2024-03-21T16:30:13","slug":"citrato-de-sodio-01-ml-para-coagulacion","status":"publish","type":"product","link":"https:\/\/sanchezlabs.com.ar\/wp\/producto\/citrato-de-sodio-01-ml-para-coagulacion\/","title":{"rendered":"CITRATO DE SODIO 0,1 ML PARA COAGULACI\u00d3N"},"content":{"rendered":"","protected":false},"excerpt":{"rendered":"<p>Tubos de ensayo polipropileno con 0,1 ml<br \/>\nde citrato de sodio (3,8%) y tap\u00f3n a presi\u00f3n, para 0,9 ml de sangre. &#8211; volumen bajo para uso pedi\u00e1trico.<\/p>\n","protected":false},"featured_media":1932,"template":"","meta":{"_uag_custom_page_level_css":"","_monsterinsights_skip_tracking":false,"_monsterinsights_sitenote_active":false,"_monsterinsights_sitenote_note":"","_monsterinsights_sitenote_category":0,"site-sidebar-layout":"default","site-content-layout":"","ast-site-content-layout":"default","site-content-style":"default","site-sidebar-style":"default","ast-global-header-display":"","ast-banner-title-visibility":"","ast-main-header-display":"","ast-hfb-above-header-display":"","ast-hfb-below-header-display":"","ast-hfb-mobile-header-display":"","site-post-title":"","ast-breadcrumbs-content":"","ast-featured-img":"","footer-sml-layout":"","theme-transparent-header-meta":"default","adv-header-id-meta":"","stick-header-meta":"","header-above-stick-meta":"","header-main-stick-meta":"","header-below-stick-meta":"","astra-migrate-meta-layouts":"set","ast-page-background-enabled":"default","ast-page-background-meta":{"desktop":{"background-color":"var(--ast-global-color-4)","background-image":"","background-repeat":"repeat","background-position":"center center","background-size":"auto","background-attachment":"scroll","background-type":"","background-media":"","overlay-type":"","overlay-color":"","overlay-opacity":"","overlay-gradient":""},"tablet":{"background-color":"","background-image":"","background-repeat":"repeat","background-position":"center center","background-size":"auto","background-attachment":"scroll","background-type":"","background-media":"","overlay-type":"","overlay-color":"","overlay-opacity":"","overlay-gradient":""},"mobile":{"background-color":"","background-image":"","background-repeat":"repeat","background-position":"center center","background-size":"auto","background-attachment":"scroll","background-type":"","background-media":"","overlay-type":"","overlay-color":"","overlay-opacity":"","overlay-gradient":""}},"ast-content-background-meta":{"desktop":{"background-color":"var(--ast-global-color-5)","background-image":"","background-repeat":"repeat","background-position":"center center","background-size":"auto","background-attachment":"scroll","background-type":"","background-media":"","overlay-type":"","overlay-color":"","overlay-opacity":"","overlay-gradient":""},"tablet":{"background-color":"var(--ast-global-color-5)","background-image":"","background-repeat":"repeat","background-position":"center center","background-size":"auto","background-attachment":"scroll","background-type":"","background-media":"","overlay-type":"","overlay-color":"","overlay-opacity":"","overlay-gradient":""},"mobile":{"background-color":"var(--ast-global-color-5)","background-image":"","background-repeat":"repeat","background-position":"center center","background-size":"auto","background-attachment":"scroll","background-type":"","background-media":"","overlay-type":"","overlay-color":"","overlay-opacity":"","overlay-gradient":""}}},"product_cat":[27],"product_tag":[],"class_list":{"0":"post-1931","1":"product","2":"type-product","3":"status-publish","4":"has-post-thumbnail","6":"product_cat-tubos-para-extraccion-de-sangre","7":"desktop-align-left","8":"tablet-align-left","9":"mobile-align-left","11":"first","12":"instock","13":"shipping-taxable","14":"product-type-simple"},"aioseo_notices":[],"uagb_featured_image_src":{"full":["https:\/\/sanchezlabs.com.ar\/wp\/wp-content\/uploads\/2024\/03\/000200.jpg",500,332,false],"thumbnail":["https:\/\/sanchezlabs.com.ar\/wp\/wp-content\/uploads\/2024\/03\/000200-150x150.jpg",150,150,true],"medium":["https:\/\/sanchezlabs.com.ar\/wp\/wp-content\/uploads\/2024\/03\/000200-300x199.jpg",300,199,true],"medium_large":["https:\/\/sanchezlabs.com.ar\/wp\/wp-content\/uploads\/2024\/03\/000200.jpg",500,332,false],"large":["https:\/\/sanchezlabs.com.ar\/wp\/wp-content\/uploads\/2024\/03\/000200.jpg",500,332,false],"1536x1536":["https:\/\/sanchezlabs.com.ar\/wp\/wp-content\/uploads\/2024\/03\/000200.jpg",500,332,false],"2048x2048":["https:\/\/sanchezlabs.com.ar\/wp\/wp-content\/uploads\/2024\/03\/000200.jpg",500,332,false],"mailpoet_newsletter_max":["https:\/\/sanchezlabs.com.ar\/wp\/wp-content\/uploads\/2024\/03\/000200.jpg",500,332,false],"woocommerce_thumbnail":["https:\/\/sanchezlabs.com.ar\/wp\/wp-content\/uploads\/2024\/03\/000200-300x300.jpg",300,300,true],"woocommerce_single":["https:\/\/sanchezlabs.com.ar\/wp\/wp-content\/uploads\/2024\/03\/000200.jpg",500,332,false],"woocommerce_gallery_thumbnail":["https:\/\/sanchezlabs.com.ar\/wp\/wp-content\/uploads\/2024\/03\/000200-100x100.jpg",100,100,true],"dgwt-wcas-product-suggestion":["https:\/\/sanchezlabs.com.ar\/wp\/wp-content\/uploads\/2024\/03\/000200.jpg",64,42,false]},"uagb_author_info":{"display_name":"sanchez-labs.com","author_link":"https:\/\/sanchezlabs.com.ar\/wp\/author\/"},"uagb_comment_info":0,"uagb_excerpt":"Tubos de ensayo polipropileno con 0,1 ml de citrato de sodio (3,8%) y tap\u00f3n a presi\u00f3n, para 0,9 ml de sangre. - volumen bajo para uso pedi\u00e1trico.","_links":{"self":[{"href":"https:\/\/sanchezlabs.com.ar\/wp\/wp-json\/wp\/v2\/product\/1931","targetHints":{"allow":["GET"]}}],"collection":[{"href":"https:\/\/sanchezlabs.com.ar\/wp\/wp-json\/wp\/v2\/product"}],"about":[{"href":"https:\/\/sanchezlabs.com.ar\/wp\/wp-json\/wp\/v2\/types\/product"}],"wp:featuredmedia":[{"embeddable":true,"href":"https:\/\/sanchezlabs.com.ar\/wp\/wp-json\/wp\/v2\/media\/1932"}],"wp:attachment":[{"href":"https:\/\/sanchezlabs.com.ar\/wp\/wp-json\/wp\/v2\/media?parent=1931"}],"wp:term":[{"taxonomy":"product_cat","embeddable":true,"href":"https:\/\/sanchezlabs.com.ar\/wp\/wp-json\/wp\/v2\/product_cat?post=1931"},{"taxonomy":"product_tag","embeddable":true,"href":"https:\/\/sanchezlabs.com.ar\/wp\/wp-json\/wp\/v2\/product_tag?post=1931"}],"curies":[{"name":"wp","href":"https:\/\/api.w.org\/{rel}","templated":true}]}}